{"id":1039,"date":"2024-03-04T10:57:29","date_gmt":"2024-03-04T10:57:29","guid":{"rendered":"https:\/\/campfest.bibi.ro\/?page_id=1039"},"modified":"2024-03-04T11:19:38","modified_gmt":"2024-03-04T11:19:38","slug":"echipament","status":"publish","type":"page","link":"https:\/\/campfest.bibi.ro\/en\/echipament\/","title":{"rendered":"Echipament"},"content":{"rendered":"<div data-elementor-type=\"wp-page\" data-elementor-id=\"1039\" class=\"elementor elementor-1039\" data-elementor-post-type=\"page\">\n\t\t\t\t\t\t<section class=\"elementor-section elementor-top-section elementor-element elementor-element-e4ab351 elementor-section-boxed elementor-section-height-default elementor-section-height-default\" data-id=\"e4ab351\" data-element_type=\"section\" data-settings=\"{&quot;background_background&quot;:&quot;classic&quot;}\">\n\t\t\t\t\t\t<div class=\"elementor-container elementor-column-gap-default\">\n\t\t\t\t\t<div class=\"elementor-column elementor-col-100 elementor-top-column elementor-element elementor-element-b664fe2\" data-id=\"b664fe2\" data-element_type=\"column\">\n\t\t\t<div class=\"elementor-widget-wrap elementor-element-populated\">\n\t\t\t\t\t\t<section class=\"elementor-section elementor-inner-section elementor-element elementor-element-12557fd elementor-section-boxed elementor-section-height-default elementor-section-height-default\" data-id=\"12557fd\" data-element_type=\"section\">\n\t\t\t\t\t\t<div class=\"elementor-container elementor-column-gap-default\">\n\t\t\t\t\t<div class=\"elementor-column elementor-col-50 elementor-inner-column elementor-element elementor-element-9f61227\" data-id=\"9f61227\" data-element_type=\"column\">\n\t\t\t<div class=\"elementor-widget-wrap elementor-element-populated\">\n\t\t\t\t\t\t<div class=\"elementor-element elementor-element-440669a elementor-hidden-desktop elementor-widget elementor-widget-image\" data-id=\"440669a\" data-element_type=\"widget\" data-widget_type=\"image.default\">\n\t\t\t\t<div class=\"elementor-widget-container\">\n\t\t\t\t\t\t\t\t\t\t\t\t\t\t\t<img fetchpriority=\"high\" decoding=\"async\" width=\"283\" height=\"341\" src=\"https:\/\/campfest.bibi.ro\/wp-content\/uploads\/2023\/07\/bibi-camp-fest-element-05.png\" class=\"attachment-large size-large wp-image-406\" alt=\"\" srcset=\"https:\/\/campfest.bibi.ro\/wp-content\/uploads\/2023\/07\/bibi-camp-fest-element-05.png 283w, https:\/\/campfest.bibi.ro\/wp-content\/uploads\/2023\/07\/bibi-camp-fest-element-05-249x300.png 249w\" sizes=\"(max-width: 283px) 100vw, 283px\" \/>\t\t\t\t\t\t\t\t\t\t\t\t\t\t\t<\/div>\n\t\t\t\t<\/div>\n\t\t\t\t<div class=\"elementor-element elementor-element-46b1b7b elementor-widget__width-initial elementor-widget elementor-widget-heading\" data-id=\"46b1b7b\" data-element_type=\"widget\" data-widget_type=\"heading.default\">\n\t\t\t\t<div class=\"elementor-widget-container\">\n\t\t\t\t\t<h2 class=\"elementor-heading-title elementor-size-default\">Echipament<br>\nCamping<\/h2>\t\t\t\t<\/div>\n\t\t\t\t<\/div>\n\t\t\t\t<div class=\"elementor-element elementor-element-5ce6cd1 elementor-widget elementor-widget-heading\" data-id=\"5ce6cd1\" data-element_type=\"widget\" data-widget_type=\"heading.default\">\n\t\t\t\t<div class=\"elementor-widget-container\">\n\t\t\t\t\t<h2 class=\"elementor-heading-title elementor-size-default\">What should you bring for a perfect camping experience?<\/h2>\t\t\t\t<\/div>\n\t\t\t\t<\/div>\n\t\t\t\t\t<\/div>\n\t\t<\/div>\n\t\t\t\t<div class=\"elementor-column elementor-col-50 elementor-inner-column elementor-element elementor-element-764bed7 elementor-hidden-tablet elementor-hidden-mobile\" data-id=\"764bed7\" data-element_type=\"column\">\n\t\t\t<div class=\"elementor-widget-wrap elementor-element-populated\">\n\t\t\t\t\t\t<div class=\"elementor-element elementor-element-de0fcd8 elementor-widget elementor-widget-image\" data-id=\"de0fcd8\" data-element_type=\"widget\" data-widget_type=\"image.default\">\n\t\t\t\t<div class=\"elementor-widget-container\">\n\t\t\t\t\t\t\t\t\t\t\t\t\t\t\t<img fetchpriority=\"high\" decoding=\"async\" width=\"283\" height=\"341\" src=\"https:\/\/campfest.bibi.ro\/wp-content\/uploads\/2023\/07\/bibi-camp-fest-element-05.png\" class=\"attachment-large size-large wp-image-406\" alt=\"\" srcset=\"https:\/\/campfest.bibi.ro\/wp-content\/uploads\/2023\/07\/bibi-camp-fest-element-05.png 283w, https:\/\/campfest.bibi.ro\/wp-content\/uploads\/2023\/07\/bibi-camp-fest-element-05-249x300.png 249w\" sizes=\"(max-width: 283px) 100vw, 283px\" \/>\t\t\t\t\t\t\t\t\t\t\t\t\t\t\t<\/div>\n\t\t\t\t<\/div>\n\t\t\t\t\t<\/div>\n\t\t<\/div>\n\t\t\t\t\t<\/div>\n\t\t<\/section>\n\t\t\t\t<div class=\"elementor-element elementor-element-2097c56 elementor-icon-list--layout-traditional elementor-list-item-link-full_width elementor-widget elementor-widget-icon-list\" data-id=\"2097c56\" data-element_type=\"widget\" data-widget_type=\"icon-list.default\">\n\t\t\t\t<div class=\"elementor-widget-container\">\n\t\t\t\t\t\t\t<ul class=\"elementor-icon-list-items\">\n\t\t\t\t\t\t\t<li class=\"elementor-icon-list-item\">\n\t\t\t\t\t\t\t\t\t\t\t<span class=\"elementor-icon-list-icon\">\n\t\t\t\t\t\t\t<i aria-hidden=\"true\" class=\"fas fa-check\"><\/i>\t\t\t\t\t\t<\/span>\n\t\t\t\t\t\t\t\t\t\t<span class=\"elementor-icon-list-text\"><b>Cort sau rulot\u0103:<\/b> Asigur\u0103-te c\u0103 ai un cort sau o rulot\u0103 potrivite<\/span>\n\t\t\t\t\t\t\t\t\t<\/li>\n\t\t\t\t\t\t\t\t<li class=\"elementor-icon-list-item\">\n\t\t\t\t\t\t\t\t\t\t\t<span class=\"elementor-icon-list-icon\">\n\t\t\t\t\t\t\t<i aria-hidden=\"true\" class=\"fas fa-check\"><\/i>\t\t\t\t\t\t<\/span>\n\t\t\t\t\t\t\t\t\t\t<span class=\"elementor-icon-list-text\"><b> Sac de dormit:<\/b>  Alege\u021bi un sac de dormit confortabil, adecvat temperaturii prev\u0103zute \u00een timpul nop\u021bii.<\/span>\n\t\t\t\t\t\t\t\t\t<\/li>\n\t\t\t\t\t\t\t\t<li class=\"elementor-icon-list-item\">\n\t\t\t\t\t\t\t\t\t\t\t<span class=\"elementor-icon-list-icon\">\n\t\t\t\t\t\t\t<i aria-hidden=\"true\" class=\"fas fa-check\"><\/i>\t\t\t\t\t\t<\/span>\n\t\t\t\t\t\t\t\t\t\t<span class=\"elementor-icon-list-text\"><b> Izopren sau saltea gonflabil\u0103: <\/b> Pentru un somn mai confortabil, ad\u0103uga\u021bi o izopren sau o saltea gonflabil\u0103 sub sacul de dormit.<\/span>\n\t\t\t\t\t\t\t\t\t<\/li>\n\t\t\t\t\t\t\t\t<li class=\"elementor-icon-list-item\">\n\t\t\t\t\t\t\t\t\t\t\t<span class=\"elementor-icon-list-icon\">\n\t\t\t\t\t\t\t<i aria-hidden=\"true\" class=\"fas fa-check\"><\/i>\t\t\t\t\t\t<\/span>\n\t\t\t\t\t\t\t\t\t\t<span class=\"elementor-icon-list-text\"><b> Lamp\u0103 de camping sau lantern\u0103:<\/b>  Asigura\u021bi-v\u0103 c\u0103 ave\u021bi o surs\u0103 de lumin\u0103 pentru a v\u0103 ajuta s\u0103 v\u0103 orienta\u021bi \u00een \u00eentuneric.<\/span>\n\t\t\t\t\t\t\t\t\t<\/li>\n\t\t\t\t\t\t\t\t<li class=\"elementor-icon-list-item\">\n\t\t\t\t\t\t\t\t\t\t\t<span class=\"elementor-icon-list-icon\">\n\t\t\t\t\t\t\t<i aria-hidden=\"true\" class=\"fas fa-check\"><\/i>\t\t\t\t\t\t<\/span>\n\t\t\t\t\t\t\t\t\t\t<span class=\"elementor-icon-list-text\"><b> Articole de igien\u0103 personal\u0103:<\/b>  Include\u021bi s\u0103pun, \u0219ampon, periu\u021b\u0103 de din\u021bi, past\u0103 de din\u021bi, prosoape \u0219i alte articole esen\u021biale pentru igiena personal\u0103.<\/span>\n\t\t\t\t\t\t\t\t\t<\/li>\n\t\t\t\t\t\t\t\t<li class=\"elementor-icon-list-item\">\n\t\t\t\t\t\t\t\t\t\t\t<span class=\"elementor-icon-list-icon\">\n\t\t\t\t\t\t\t<i aria-hidden=\"true\" class=\"fas fa-check\"><\/i>\t\t\t\t\t\t<\/span>\n\t\t\t\t\t\t\t\t\t\t<span class=\"elementor-icon-list-text\"><b> Haine adecvate pentru vreme:<\/b>  Verifica\u021bi prognoza meteo \u0219i aduce\u021bi haine potrivite pentru condi\u021biile anticipate (p\u0103l\u0103rie, pelerine de ploaie, cizme impermeabile)<\/span>\n\t\t\t\t\t\t\t\t\t<\/li>\n\t\t\t\t\t\t\t\t<li class=\"elementor-icon-list-item\">\n\t\t\t\t\t\t\t\t\t\t\t<span class=\"elementor-icon-list-icon\">\n\t\t\t\t\t\t\t<i aria-hidden=\"true\" class=\"fas fa-check\"><\/i>\t\t\t\t\t\t<\/span>\n\t\t\t\t\t\t\t\t\t\t<span class=\"elementor-icon-list-text\"><b> \u00cenc\u0103l\u021b\u0103minte confortabil\u0103: <\/b> Pantofi adecva\u021bi pentru drume\u021bii sau alte activit\u0103\u021bi \u00een aer liber.<\/span>\n\t\t\t\t\t\t\t\t\t<\/li>\n\t\t\t\t\t\t\t\t<li class=\"elementor-icon-list-item\">\n\t\t\t\t\t\t\t\t\t\t\t<span class=\"elementor-icon-list-icon\">\n\t\t\t\t\t\t\t<i aria-hidden=\"true\" class=\"fas fa-check\"><\/i>\t\t\t\t\t\t<\/span>\n\t\t\t\t\t\t\t\t\t\t<span class=\"elementor-icon-list-text\"><b> Izolatoare termice \u0219i p\u0103turi: <\/b> Pentru a v\u0103 men\u021bine cald \u00een timpul serilor r\u0103coroase, ad\u0103uga\u021bi izolatoare termice \u0219i p\u0103turi suplimentare.<\/span>\n\t\t\t\t\t\t\t\t\t<\/li>\n\t\t\t\t\t\t\t\t<li class=\"elementor-icon-list-item\">\n\t\t\t\t\t\t\t\t\t\t\t<span class=\"elementor-icon-list-icon\">\n\t\t\t\t\t\t\t<i aria-hidden=\"true\" class=\"fas fa-check\"><\/i>\t\t\t\t\t\t<\/span>\n\t\t\t\t\t\t\t\t\t\t<span class=\"elementor-icon-list-text\"><b> Unelte \u0219i accesorii utile:<\/b>  lanterne suplimentare, cortin\u0103 pentru protec\u021bie \u00eempotriva insectelor copertin\u0103 ploaie <\/span>\n\t\t\t\t\t\t\t\t\t<\/li>\n\t\t\t\t\t\t\t\t<li class=\"elementor-icon-list-item\">\n\t\t\t\t\t\t\t\t\t\t\t<span class=\"elementor-icon-list-icon\">\n\t\t\t\t\t\t\t<i aria-hidden=\"true\" class=\"fas fa-check\"><\/i>\t\t\t\t\t\t<\/span>\n\t\t\t\t\t\t\t\t\t\t<span class=\"elementor-icon-list-text\"><b> Scaune pliabile:<\/b>  Scaunele pliabile v\u0103 vor oferi un loc confortabil pentru a sta \u0219i a socializa \u00een timpul zilei sau seara.<\/span>\n\t\t\t\t\t\t\t\t\t<\/li>\n\t\t\t\t\t\t\t\t<li class=\"elementor-icon-list-item\">\n\t\t\t\t\t\t\t\t\t\t\t<span class=\"elementor-icon-list-icon\">\n\t\t\t\t\t\t\t<i aria-hidden=\"true\" class=\"fas fa-check\"><\/i>\t\t\t\t\t\t<\/span>\n\t\t\t\t\t\t\t\t\t\t<span class=\"elementor-icon-list-text\"><b> Baterii suplimentare \u0219i \u00eenc\u0103rc\u0103toare portabile: <\/b> Pentru a v\u0103 men\u021bine dispozitivul electronic sau telefonul \u00eenc\u0103rcat pe toat\u0103 durata campingului.<\/span>\n\t\t\t\t\t\t\t\t\t<\/li>\n\t\t\t\t\t\t\t\t<li class=\"elementor-icon-list-item\">\n\t\t\t\t\t\t\t\t\t\t\t<span class=\"elementor-icon-list-icon\">\n\t\t\t\t\t\t\t<i aria-hidden=\"true\" class=\"fas fa-check\"><\/i>\t\t\t\t\t\t<\/span>\n\t\t\t\t\t\t\t\t\t\t<span class=\"elementor-icon-list-text\"><b> Produse pentru protec\u021bia solar\u0103 \u0219i \u00eempotriva insectelor: <\/b> Creme cu factor de protec\u021bie solar\u0103, lo\u021biuni \u00eempotriva insectelor etc.<\/span>\n\t\t\t\t\t\t\t\t\t<\/li>\n\t\t\t\t\t\t\t\t<li class=\"elementor-icon-list-item\">\n\t\t\t\t\t\t\t\t\t\t\t<span class=\"elementor-icon-list-icon\">\n\t\t\t\t\t\t\t<i aria-hidden=\"true\" class=\"fas fa-check\"><\/i>\t\t\t\t\t\t<\/span>\n\t\t\t\t\t\t\t\t\t\t<span class=\"elementor-icon-list-text\"><b> Truse de prim ajutor: <\/b> Asigura\u021bi-v\u0103 c\u0103 ave\u021bi o trus\u0103 de prim ajutor complet\u0103 pentru a face fa\u021b\u0103 unor posibile mici accidente sau probleme de s\u0103n\u0103tate.<\/span>\n\t\t\t\t\t\t\t\t\t<\/li>\n\t\t\t\t\t\t\t\t<li class=\"elementor-icon-list-item\">\n\t\t\t\t\t\t\t\t\t\t\t<span class=\"elementor-icon-list-icon\">\n\t\t\t\t\t\t\t<i aria-hidden=\"true\" class=\"fas fa-check\"><\/i>\t\t\t\t\t\t<\/span>\n\t\t\t\t\t\t\t\t\t\t<span class=\"elementor-icon-list-text\"><b> Saltele <\/b> pentru a participa la sesiunile de workout in aer liber<\/span>\n\t\t\t\t\t\t\t\t\t<\/li>\n\t\t\t\t\t\t<\/ul>\n\t\t\t\t\t\t<\/div>\n\t\t\t\t<\/div>\n\t\t\t\t<div class=\"elementor-element elementor-element-523d0fb elementor-widget elementor-widget-heading\" data-id=\"523d0fb\" data-element_type=\"widget\" data-widget_type=\"heading.default\">\n\t\t\t\t<div class=\"elementor-widget-container\">\n\t\t\t\t\t<h2 class=\"elementor-heading-title elementor-size-default\">Ad\u0103uga\u021bi \u0219i alte elemente personale specifice nevoilor dumneavoastr\u0103 \u0219i activit\u0103\u021bilor planificate, astfel \u00eenc\u00e2t s\u0103 ave\u021bi parte de o experien\u021b\u0103 de camping pl\u0103cut\u0103 \u0219i lipsit\u0103 de griji.<\/h2>\t\t\t\t<\/div>\n\t\t\t\t<\/div>\n\t\t\t\t\t<\/div>\n\t\t<\/div>\n\t\t\t\t\t<\/div>\n\t\t<\/section>\n\t\t\t\t<\/div>","protected":false},"excerpt":{"rendered":"<p>Echipament Camping Cu ce trebuie sa fii echipat pentru o experien\u021b\u0103 de camping perfect\u0103? Cort sau rulot\u0103: Asigur\u0103-te c\u0103 ai un cort sau o rulot\u0103 potrivite Sac de dormit: Alege\u021bi un sac de dormit confortabil, adecvat temperaturii prev\u0103zute \u00een timpul nop\u021bii. Izopren sau saltea gonflabil\u0103: Pentru un somn mai confortabil, ad\u0103uga\u021bi o izopren sau o [&hellip;]<\/p>","protected":false},"author":1,"featured_media":0,"parent":0,"menu_order":0,"comment_status":"closed","ping_status":"closed","template":"","meta":{"site-sidebar-layout":"no-sidebar","site-content-layout":"page-builder","ast-site-content-layout":"","site-content-style":"default","site-sidebar-style":"default","ast-global-header-display":"","ast-banner-title-visibility":"","ast-main-header-display":"","ast-hfb-above-header-display":"","ast-hfb-below-header-display":"","ast-hfb-mobile-header-display":"","site-post-title":"disabled","ast-breadcrumbs-content":"","ast-featured-img":"disabled","footer-sml-layout":"","theme-transparent-header-meta":"","adv-header-id-meta":"","stick-header-meta":"","header-above-stick-meta":"","header-main-stick-meta":"","header-below-stick-meta":"","astra-migrate-meta-layouts":"default","ast-page-background-enabled":"default","ast-page-background-meta":{"desktop":{"background-color":"var(--ast-global-color-4)","background-image":"","background-repeat":"repeat","background-position":"center center","background-size":"auto","background-attachment":"scroll","background-type":"","background-media":"","overlay-type":"","overlay-color":"","overlay-gradient":""},"tablet":{"background-color":"","background-image":"","background-repeat":"repeat","background-position":"center center","background-size":"auto","background-attachment":"scroll","background-type":"","background-media":"","overlay-type":"","overlay-color":"","overlay-gradient":""},"mobile":{"background-color":"","background-image":"","background-repeat":"repeat","background-position":"center center","background-size":"auto","background-attachment":"scroll","background-type":"","background-media":"","overlay-type":"","overlay-color":"","overlay-gradient":""}},"ast-content-background-meta":{"desktop":{"background-color":"var(--ast-global-color-5)","background-image":"","background-repeat":"repeat","background-position":"center center","background-size":"auto","background-attachment":"scroll","background-type":"","background-media":"","overlay-type":"","overlay-color":"","overlay-gradient":""},"tablet":{"background-color":"var(--ast-global-color-5)","background-image":"","background-repeat":"repeat","background-position":"center center","background-size":"auto","background-attachment":"scroll","background-type":"","background-media":"","overlay-type":"","overlay-color":"","overlay-gradient":""},"mobile":{"background-color":"var(--ast-global-color-5)","background-image":"","background-repeat":"repeat","background-position":"center center","background-size":"auto","background-attachment":"scroll","background-type":"","background-media":"","overlay-type":"","overlay-color":"","overlay-gradient":""}},"footnotes":""},"class_list":["post-1039","page","type-page","status-publish","hentry"],"yoast_head":"<!-- This site is optimized with the Yoast SEO plugin v24.5 - https:\/\/yoast.com\/wordpress\/plugins\/seo\/ -->\n<title>Echipament - Camp Fest #5<\/title>\n<meta name=\"robots\" content=\"index, follow, max-snippet:-1, max-image-preview:large, max-video-preview:-1\" \/>\n<link rel=\"canonical\" href=\"https:\/\/campfest.bibi.ro\/en\/echipament\/\" \/>\n<meta property=\"og:locale\" content=\"en_US\" \/>\n<meta property=\"og:type\" content=\"article\" \/>\n<meta property=\"og:title\" content=\"Echipament - Camp Fest #5\" \/>\n<meta property=\"og:description\" content=\"Echipament Camping Cu ce trebuie sa fii echipat pentru o experien\u021b\u0103 de camping perfect\u0103? Cort sau rulot\u0103: Asigur\u0103-te c\u0103 ai un cort sau o rulot\u0103 potrivite Sac de dormit: Alege\u021bi un sac de dormit confortabil, adecvat temperaturii prev\u0103zute \u00een timpul nop\u021bii. Izopren sau saltea gonflabil\u0103: Pentru un somn mai confortabil, ad\u0103uga\u021bi o izopren sau o [&hellip;]\" \/>\n<meta property=\"og:url\" content=\"https:\/\/campfest.bibi.ro\/en\/echipament\/\" \/>\n<meta property=\"og:site_name\" content=\"Camp Fest #5\" \/>\n<meta property=\"article:modified_time\" content=\"2024-03-04T11:19:38+00:00\" \/>\n<meta property=\"og:image\" content=\"https:\/\/campfest.bibi.ro\/wp-content\/uploads\/2023\/07\/bibi-camp-fest-element-05.png\" \/>\n<meta name=\"twitter:card\" content=\"summary_large_image\" \/>\n<meta name=\"twitter:label1\" content=\"Est. reading time\" \/>\n\t<meta name=\"twitter:data1\" content=\"2 minutes\" \/>\n<script type=\"application\/ld+json\" class=\"yoast-schema-graph\">{\"@context\":\"https:\/\/schema.org\",\"@graph\":[{\"@type\":\"WebPage\",\"@id\":\"https:\/\/campfest.bibi.ro\/echipament\/\",\"url\":\"https:\/\/campfest.bibi.ro\/echipament\/\",\"name\":\"Echipament - Camp Fest #5\",\"isPartOf\":{\"@id\":\"https:\/\/campfest.bibi.ro\/#website\"},\"primaryImageOfPage\":{\"@id\":\"https:\/\/campfest.bibi.ro\/echipament\/#primaryimage\"},\"image\":{\"@id\":\"https:\/\/campfest.bibi.ro\/echipament\/#primaryimage\"},\"thumbnailUrl\":\"https:\/\/campfest.bibi.ro\/wp-content\/uploads\/2023\/07\/bibi-camp-fest-element-05.png\",\"datePublished\":\"2024-03-04T10:57:29+00:00\",\"dateModified\":\"2024-03-04T11:19:38+00:00\",\"breadcrumb\":{\"@id\":\"https:\/\/campfest.bibi.ro\/echipament\/#breadcrumb\"},\"inLanguage\":\"en-US\",\"potentialAction\":[{\"@type\":\"ReadAction\",\"target\":[\"https:\/\/campfest.bibi.ro\/echipament\/\"]}]},{\"@type\":\"ImageObject\",\"inLanguage\":\"en-US\",\"@id\":\"https:\/\/campfest.bibi.ro\/echipament\/#primaryimage\",\"url\":\"https:\/\/campfest.bibi.ro\/wp-content\/uploads\/2023\/07\/bibi-camp-fest-element-05.png\",\"contentUrl\":\"https:\/\/campfest.bibi.ro\/wp-content\/uploads\/2023\/07\/bibi-camp-fest-element-05.png\"},{\"@type\":\"BreadcrumbList\",\"@id\":\"https:\/\/campfest.bibi.ro\/echipament\/#breadcrumb\",\"itemListElement\":[{\"@type\":\"ListItem\",\"position\":1,\"name\":\"Home\",\"item\":\"https:\/\/campfest.bibi.ro\/\"},{\"@type\":\"ListItem\",\"position\":2,\"name\":\"Echipament\"}]},{\"@type\":\"WebSite\",\"@id\":\"https:\/\/campfest.bibi.ro\/#website\",\"url\":\"https:\/\/campfest.bibi.ro\/\",\"name\":\"Camp Fest #5\",\"description\":\"\u00cencepe Aventura\",\"potentialAction\":[{\"@type\":\"SearchAction\",\"target\":{\"@type\":\"EntryPoint\",\"urlTemplate\":\"https:\/\/campfest.bibi.ro\/?s={search_term_string}\"},\"query-input\":{\"@type\":\"PropertyValueSpecification\",\"valueRequired\":true,\"valueName\":\"search_term_string\"}}],\"inLanguage\":\"en-US\"}]}<\/script>\n<!-- \/ Yoast SEO plugin. -->","yoast_head_json":{"title":"Echipament - Camp Fest #5","robots":{"index":"index","follow":"follow","max-snippet":"max-snippet:-1","max-image-preview":"max-image-preview:large","max-video-preview":"max-video-preview:-1"},"canonical":"https:\/\/campfest.bibi.ro\/en\/echipament\/","og_locale":"en_US","og_type":"article","og_title":"Echipament - Camp Fest #5","og_description":"Echipament Camping Cu ce trebuie sa fii echipat pentru o experien\u021b\u0103 de camping perfect\u0103? Cort sau rulot\u0103: Asigur\u0103-te c\u0103 ai un cort sau o rulot\u0103 potrivite Sac de dormit: Alege\u021bi un sac de dormit confortabil, adecvat temperaturii prev\u0103zute \u00een timpul nop\u021bii. Izopren sau saltea gonflabil\u0103: Pentru un somn mai confortabil, ad\u0103uga\u021bi o izopren sau o [&hellip;]","og_url":"https:\/\/campfest.bibi.ro\/en\/echipament\/","og_site_name":"Camp Fest #5","article_modified_time":"2024-03-04T11:19:38+00:00","og_image":[{"url":"https:\/\/campfest.bibi.ro\/wp-content\/uploads\/2023\/07\/bibi-camp-fest-element-05.png","type":"","width":"","height":""}],"twitter_card":"summary_large_image","twitter_misc":{"Est. reading time":"2 minutes"},"schema":{"@context":"https:\/\/schema.org","@graph":[{"@type":"WebPage","@id":"https:\/\/campfest.bibi.ro\/echipament\/","url":"https:\/\/campfest.bibi.ro\/echipament\/","name":"Echipament - Camp Fest #5","isPartOf":{"@id":"https:\/\/campfest.bibi.ro\/#website"},"primaryImageOfPage":{"@id":"https:\/\/campfest.bibi.ro\/echipament\/#primaryimage"},"image":{"@id":"https:\/\/campfest.bibi.ro\/echipament\/#primaryimage"},"thumbnailUrl":"https:\/\/campfest.bibi.ro\/wp-content\/uploads\/2023\/07\/bibi-camp-fest-element-05.png","datePublished":"2024-03-04T10:57:29+00:00","dateModified":"2024-03-04T11:19:38+00:00","breadcrumb":{"@id":"https:\/\/campfest.bibi.ro\/echipament\/#breadcrumb"},"inLanguage":"en-US","potentialAction":[{"@type":"ReadAction","target":["https:\/\/campfest.bibi.ro\/echipament\/"]}]},{"@type":"ImageObject","inLanguage":"en-US","@id":"https:\/\/campfest.bibi.ro\/echipament\/#primaryimage","url":"https:\/\/campfest.bibi.ro\/wp-content\/uploads\/2023\/07\/bibi-camp-fest-element-05.png","contentUrl":"https:\/\/campfest.bibi.ro\/wp-content\/uploads\/2023\/07\/bibi-camp-fest-element-05.png"},{"@type":"BreadcrumbList","@id":"https:\/\/campfest.bibi.ro\/echipament\/#breadcrumb","itemListElement":[{"@type":"ListItem","position":1,"name":"Home","item":"https:\/\/campfest.bibi.ro\/"},{"@type":"ListItem","position":2,"name":"Echipament"}]},{"@type":"WebSite","@id":"https:\/\/campfest.bibi.ro\/#website","url":"https:\/\/campfest.bibi.ro\/","name":"Camp Fest #5","description":"\u00cencepe Aventura","potentialAction":[{"@type":"SearchAction","target":{"@type":"EntryPoint","urlTemplate":"https:\/\/campfest.bibi.ro\/?s={search_term_string}"},"query-input":{"@type":"PropertyValueSpecification","valueRequired":true,"valueName":"search_term_string"}}],"inLanguage":"en-US"}]}},"_links":{"self":[{"href":"https:\/\/campfest.bibi.ro\/en\/wp-json\/wp\/v2\/pages\/1039","targetHints":{"allow":["GET"]}}],"collection":[{"href":"https:\/\/campfest.bibi.ro\/en\/wp-json\/wp\/v2\/pages"}],"about":[{"href":"https:\/\/campfest.bibi.ro\/en\/wp-json\/wp\/v2\/types\/page"}],"author":[{"embeddable":true,"href":"https:\/\/campfest.bibi.ro\/en\/wp-json\/wp\/v2\/users\/1"}],"replies":[{"embeddable":true,"href":"https:\/\/campfest.bibi.ro\/en\/wp-json\/wp\/v2\/comments?post=1039"}],"version-history":[{"count":19,"href":"https:\/\/campfest.bibi.ro\/en\/wp-json\/wp\/v2\/pages\/1039\/revisions"}],"predecessor-version":[{"id":1067,"href":"https:\/\/campfest.bibi.ro\/en\/wp-json\/wp\/v2\/pages\/1039\/revisions\/1067"}],"wp:attachment":[{"href":"https:\/\/campfest.bibi.ro\/en\/wp-json\/wp\/v2\/media?parent=1039"}],"curies":[{"name":"wp","href":"https:\/\/api.w.org\/{rel}","templated":true}]}}