{"id":1056,"date":"2024-03-04T11:11:21","date_gmt":"2024-03-04T11:11:21","guid":{"rendered":"https:\/\/campfest.bibi.ro\/?page_id=1056"},"modified":"2025-06-03T07:19:53","modified_gmt":"2025-06-03T07:19:53","slug":"regulament","status":"publish","type":"page","link":"https:\/\/campfest.bibi.ro\/en\/regulament\/","title":{"rendered":"Regulations"},"content":{"rendered":"<div data-elementor-type=\"wp-page\" data-elementor-id=\"1056\" class=\"elementor elementor-1056\" data-elementor-post-type=\"page\">\n\t\t\t\t\t\t<section class=\"elementor-section elementor-top-section elementor-element elementor-element-42f8490 elementor-section-boxed elementor-section-height-default elementor-section-height-default\" data-id=\"42f8490\" data-element_type=\"section\" data-settings=\"{&quot;background_background&quot;:&quot;classic&quot;}\">\n\t\t\t\t\t\t<div class=\"elementor-container elementor-column-gap-default\">\n\t\t\t\t\t<div class=\"elementor-column elementor-col-100 elementor-top-column elementor-element elementor-element-801ec7a\" data-id=\"801ec7a\" data-element_type=\"column\">\n\t\t\t<div class=\"elementor-widget-wrap elementor-element-populated\">\n\t\t\t\t\t\t<section class=\"elementor-section elementor-inner-section elementor-element elementor-element-d5b8742 elementor-section-boxed elementor-section-height-default elementor-section-height-default\" data-id=\"d5b8742\" data-element_type=\"section\">\n\t\t\t\t\t\t<div class=\"elementor-container elementor-column-gap-default\">\n\t\t\t\t\t<div class=\"elementor-column elementor-col-50 elementor-inner-column elementor-element elementor-element-cbd3df3\" data-id=\"cbd3df3\" data-element_type=\"column\">\n\t\t\t<div class=\"elementor-widget-wrap elementor-element-populated\">\n\t\t\t\t\t\t<div class=\"elementor-element elementor-element-8fb0c72 elementor-hidden-desktop elementor-widget elementor-widget-image\" data-id=\"8fb0c72\" data-element_type=\"widget\" data-widget_type=\"image.default\">\n\t\t\t\t<div class=\"elementor-widget-container\">\n\t\t\t\t\t\t\t\t\t\t\t\t\t\t\t<img fetchpriority=\"high\" decoding=\"async\" width=\"461\" height=\"370\" src=\"https:\/\/campfest.bibi.ro\/wp-content\/uploads\/2023\/07\/bibi-camp-fest-element-07.png\" class=\"attachment-large size-large wp-image-408\" alt=\"\" srcset=\"https:\/\/campfest.bibi.ro\/wp-content\/uploads\/2023\/07\/bibi-camp-fest-element-07.png 461w, https:\/\/campfest.bibi.ro\/wp-content\/uploads\/2023\/07\/bibi-camp-fest-element-07-300x241.png 300w\" sizes=\"(max-width: 461px) 100vw, 461px\" \/>\t\t\t\t\t\t\t\t\t\t\t\t\t\t\t<\/div>\n\t\t\t\t<\/div>\n\t\t\t\t<div class=\"elementor-element elementor-element-24cac4c elementor-widget__width-initial elementor-widget elementor-widget-heading\" data-id=\"24cac4c\" data-element_type=\"widget\" data-widget_type=\"heading.default\">\n\t\t\t\t<div class=\"elementor-widget-container\">\n\t\t\t\t\t<h2 class=\"elementor-heading-title elementor-size-default\">Regulations<\/h2>\t\t\t\t<\/div>\n\t\t\t\t<\/div>\n\t\t\t\t\t<\/div>\n\t\t<\/div>\n\t\t\t\t<div class=\"elementor-column elementor-col-50 elementor-inner-column elementor-element elementor-element-106d67b elementor-hidden-tablet elementor-hidden-mobile\" data-id=\"106d67b\" data-element_type=\"column\">\n\t\t\t<div class=\"elementor-widget-wrap elementor-element-populated\">\n\t\t\t\t\t\t<div class=\"elementor-element elementor-element-805efaf elementor-widget elementor-widget-image\" data-id=\"805efaf\" data-element_type=\"widget\" data-widget_type=\"image.default\">\n\t\t\t\t<div class=\"elementor-widget-container\">\n\t\t\t\t\t\t\t\t\t\t\t\t\t\t\t<img fetchpriority=\"high\" decoding=\"async\" width=\"461\" height=\"370\" src=\"https:\/\/campfest.bibi.ro\/wp-content\/uploads\/2023\/07\/bibi-camp-fest-element-07.png\" class=\"attachment-large size-large wp-image-408\" alt=\"\" srcset=\"https:\/\/campfest.bibi.ro\/wp-content\/uploads\/2023\/07\/bibi-camp-fest-element-07.png 461w, https:\/\/campfest.bibi.ro\/wp-content\/uploads\/2023\/07\/bibi-camp-fest-element-07-300x241.png 300w\" sizes=\"(max-width: 461px) 100vw, 461px\" \/>\t\t\t\t\t\t\t\t\t\t\t\t\t\t\t<\/div>\n\t\t\t\t<\/div>\n\t\t\t\t\t<\/div>\n\t\t<\/div>\n\t\t\t\t\t<\/div>\n\t\t<\/section>\n\t\t\t\t<div class=\"elementor-element elementor-element-7beab48 elementor-widget elementor-widget-text-editor\" data-id=\"7beab48\" data-element_type=\"widget\" data-widget_type=\"text-editor.default\">\n\t\t\t\t<div class=\"elementor-widget-container\">\n\t\t\t\t\t\t\t\t\t<ol><li>Check-in-ul se face zilnic \u00een intervalul 10:00\u201320:00.<\/li><li>Copiii minori sunt \u00een responsabilitatea adul\u021bilor \u00eenso\u021bitori. V\u0103 rug\u0103m s\u0103 \u00eei supraveghea\u021bi \u2013 \u00een acest sens se va semna acordul de consim\u021b\u0103m\u00e2nt parental primit \u00een momentul sosirii. Semnarea acestuia este obligatorie, precum \u0219i prezentarea lui \u00een zona de check-in. Tot \u00een aceast\u0103 zon\u0103 se completeaz\u0103 \u0219i activit\u0103\u021bile incluse la care dori\u021bi s\u0103 participa\u021bi \u2013 fie dumneavoastr\u0103, fie copiii.<\/li><li>Br\u0103\u021bara este obligatorie \u0219i trebuie purtat\u0103 pe tot parcursul evenimentului.<\/li><li>Accesul la activit\u0103\u021bile men\u021bionate \u00een program (mai pu\u021bin cele op\u021bionale) este inclus \u00een biletul de acces \u0219i este gratuit. Toate activit\u0103\u021bile op\u021bionale sunt contra cost \u0219i se achit\u0103 \u00een zona de Info Point.<\/li><li>Obiectele pierdute \u0219i g\u0103site se predau la Info Point, pentru a fi returnate proprietarilor.<\/li><li>Parcarea ma\u0219inilor se face dup\u0103 l\u0103sarea bagajelor \u00een zona de camping, \u00een zona special amenajat\u0103, pentru a oferi participan\u021bilor spa\u021biu pentru jocuri \u0219i activit\u0103\u021bi.<\/li><li>Parcarea este gratuit\u0103.<\/li><li>Micul dejun (inclus) va fi servit \u00een sistem bufet, \u00eentre orele 07:00\u201309:30, pe baza abonamentelor achitate la \u00eenscriere \u0219i a br\u0103\u021b\u0103rilor.<\/li><li>Toate locurile de campare sunt numerotate. Pentru schimbarea acestora, v\u0103 rug\u0103m s\u0103 contacta\u021bi organizatorii sau persoanele din staff-ul evenimentului. Locurile de campare NU se pot rezerva, ele se ocup\u0103 \u00een ordinea sosirii. Recomand\u0103m, pentru o mai bun\u0103 organizare, ca grupurile care doresc s\u0103 stea \u00eempreun\u0103 s\u0103 \u00eencerce sincronizarea sosirii.<\/li><li>Alimentarea cu ap\u0103 a rulotelor \/ autorulotelor se face doar la locul special amenajat \u0219i marcat pe hart\u0103.<\/li><li>Pentru a asigura lini\u0219tea \u0219i odihna, poarta campingului este \u00eenchis\u0103 \u00een intervalul 22:00\u201308:00. \u00cen acest interval, circula\u021bia vehiculelor este interzis\u0103.<\/li><li>Accesul la piscin\u0103 este GRATUIT, \u00een intervalul 10:00\u201318:00 (fiind un eveniment dedicat copiilor, iar piscina nefiind \u00eenc\u0103lzit\u0103, aceasta va fi deschis\u0103 \u00een func\u021bie de vreme).<\/li><li>Supravegherea copiilor la piscin\u0103 este responsabilitatea p\u0103rin\u021bilor! Piscina are o ad\u00e2ncime de 140 cm, iar copiii sub 14 ani pot intra doar sub supravegherea p\u0103rin\u021bilor. Piscina nu are salvamar, iar Vibe Camp nu este responsabil pentru eventualele accident\u0103ri.<\/li><li>V\u0103 rug\u0103m ca \u00eenainte de a intra \u00een piscin\u0103 s\u0103 face\u021bi du\u0219.<\/li><li>S\u0103riturile \u00een piscin\u0103 sunt INTERZISE!<\/li><li>Campingul ofer\u0103 o ambian\u021b\u0103 natural\u0103 \u0219i relaxant\u0103, iar cei caza\u021bi devin parte din aceast\u0103 experien\u021b\u0103. Se respect\u0103 lini\u0219tea, intimitatea \u0219i spa\u021biul personal al fiec\u0103rei persoane. Nu se etaleaz\u0103 gusturile muzicale personale \u2013 excep\u021bie fac momentele muzicale din cadrul programului de sear\u0103, care se \u00eencheie cel t\u00e2rziu la ora 23:00.<\/li><li>De\u0219eurile trebuie colectate \u0219i depozitate selectiv \u00een locurile special amenajate. NU l\u0103sa\u021bi de\u0219euri peste noapte \u00een zona de campare.<\/li><li>Este interzis\u0103 sp\u0103larea autovehiculelor \u00een incinta campingului.<\/li><li>Turi\u0219tii sunt obliga\u021bi s\u0103 men\u021bin\u0103 cur\u0103\u021benia \u00een grupurile sanitare.<\/li><li>Consumul de m\u00e2ncare \u0219i b\u0103uturi personale este INTERZIS \u00een zona meselor de bar \u0219i restaurant. Gr\u0103tarul personal se poate face \u00een zona r\u00e2ului.<\/li><li>NU abuza\u021bi de resursele de curent \u0219i ap\u0103 puse la dispozi\u021bie \u2013 trebuie s\u0103 ajung\u0103 pentru to\u021bi participan\u021bii.<\/li><li>Administra\u021bia campingului \u00ee\u0219i rezerv\u0103 dreptul de a lua m\u0103suri \u00een interesul turi\u0219tilor \u00een orice situa\u021bie excep\u021bional\u0103 neprev\u0103zut\u0103 de acest regulament.<\/li><li>Grupuri sanitare disponibile:<br \/>\u2003\u2022 Cl\u0103direa principal\u0103 (l\u00e2ng\u0103 bar): 8 du\u0219uri (4 b\u0103rba\u021bi, 4 femei) + 6 toalete<br \/>\u2003\u2022 Zona corturilor: construc\u021bie cu 6 toalete \u0219i 4 du\u0219uri (ap\u0103 la temperatur\u0103 ambiental\u0103)<\/li><li>Zona de buc\u0103t\u0103rie \u0219i frigiderele campingului NU vor fi disponibile participan\u021bilor pe durata evenimentului.<\/li><li>Prin participarea la acest eveniment, sunte\u021bi de acord cu folosirea num\u0103rului de telefon \u0219i adresei de e-mail \u00een scop informativ legat de eveniment \u0219i pentru promo\u021bii viitoare.<\/li><li>De asemenea, v\u0103 da\u021bi consim\u021b\u0103m\u00e2ntul pentru ca materialele foto\/video realizate \u00een timpul evenimentului s\u0103 fie utilizate \u00een scop de comunicare \u0219i promovare pe re\u021belele de socializare, site sau alte canale, acestea fiind proprietatea organizatorului.<\/li><li>V\u0102 RUG\u0102M S\u0102 NU V\u0102 \u00ceNSU\u0218I\u021aI ELEMENTE DIN DECOR \u2013 pufuri, hamace, p\u0103turi, corturi sau alte obiecte puse la dispozi\u021bie pentru crearea unei atmosfere pl\u0103cute pentru to\u021bi participan\u021bii.<\/li><li>Loca\u021bia este pet friendly, dar animalele de companie sunt \u00een responsabilitatea dvs. V\u0103 rug\u0103m s\u0103 fi\u021bi aten\u021bi la acest aspect, \u00een special pentru c\u0103 evenimentul g\u0103zduie\u0219te mul\u021bi copii.<\/li><li>\u00censcrierea la activit\u0103\u021bile op\u021bionale se face din timp, locurile fiind limitate, prin apel la num\u0103rul din program. Pentru activit\u0103\u021bi precum rafting sau caiac (ce necesit\u0103 ghidaj \u0219i echipament special), taxa se achit\u0103 \u00eenainte de eveniment. \u00cen caz de neprezentare, suma NU se returneaz\u0103.<\/li><li>ORICE PAGUB\u0102 adus\u0103 zonei de campare sau nerespectarea regulamentului atrage amenzi \u00eencep\u00e2nd cu 1500 lei\/persoan\u0103 \u0219i ofer\u0103 organizatorilor dreptul de a exclude participantul din cadrul evenimentului.<\/li><\/ol>\t\t\t\t\t\t\t\t<\/div>\n\t\t\t\t<\/div>\n\t\t\t\t\t<\/div>\n\t\t<\/div>\n\t\t\t\t\t<\/div>\n\t\t<\/section>\n\t\t\t\t<\/div>","protected":false},"excerpt":{"rendered":"<p>Regulament Check-in-ul se face zilnic \u00een intervalul 10:00\u201320:00. Copiii minori sunt \u00een responsabilitatea adul\u021bilor \u00eenso\u021bitori. V\u0103 rug\u0103m s\u0103 \u00eei supraveghea\u021bi \u2013 \u00een acest sens se va semna acordul de consim\u021b\u0103m\u00e2nt parental primit \u00een momentul sosirii. Semnarea acestuia este obligatorie, precum \u0219i prezentarea lui \u00een zona de check-in. Tot \u00een aceast\u0103 zon\u0103 se completeaz\u0103 \u0219i activit\u0103\u021bile [&hellip;]<\/p>","protected":false},"author":1,"featured_media":0,"parent":0,"menu_order":0,"comment_status":"closed","ping_status":"closed","template":"","meta":{"site-sidebar-layout":"no-sidebar","site-content-layout":"page-builder","ast-site-content-layout":"","site-content-style":"default","site-sidebar-style":"default","ast-global-header-display":"","ast-banner-title-visibility":"","ast-main-header-display":"","ast-hfb-above-header-display":"","ast-hfb-below-header-display":"","ast-hfb-mobile-header-display":"","site-post-title":"disabled","ast-breadcrumbs-content":"","ast-featured-img":"disabled","footer-sml-layout":"","theme-transparent-header-meta":"","adv-header-id-meta":"","stick-header-meta":"","header-above-stick-meta":"","header-main-stick-meta":"","header-below-stick-meta":"","astra-migrate-meta-layouts":"default","ast-page-background-enabled":"default","ast-page-background-meta":{"desktop":{"background-color":"var(--ast-global-color-4)","background-image":"","background-repeat":"repeat","background-position":"center center","background-size":"auto","background-attachment":"scroll","background-type":"","background-media":"","overlay-type":"","overlay-color":"","overlay-gradient":""},"tablet":{"background-color":"","background-image":"","background-repeat":"repeat","background-position":"center center","background-size":"auto","background-attachment":"scroll","background-type":"","background-media":"","overlay-type":"","overlay-color":"","overlay-gradient":""},"mobile":{"background-color":"","background-image":"","background-repeat":"repeat","background-position":"center center","background-size":"auto","background-attachment":"scroll","background-type":"","background-media":"","overlay-type":"","overlay-color":"","overlay-gradient":""}},"ast-content-background-meta":{"desktop":{"background-color":"var(--ast-global-color-5)","background-image":"","background-repeat":"repeat","background-position":"center center","background-size":"auto","background-attachment":"scroll","background-type":"","background-media":"","overlay-type":"","overlay-color":"","overlay-gradient":""},"tablet":{"background-color":"var(--ast-global-color-5)","background-image":"","background-repeat":"repeat","background-position":"center center","background-size":"auto","background-attachment":"scroll","background-type":"","background-media":"","overlay-type":"","overlay-color":"","overlay-gradient":""},"mobile":{"background-color":"var(--ast-global-color-5)","background-image":"","background-repeat":"repeat","background-position":"center center","background-size":"auto","background-attachment":"scroll","background-type":"","background-media":"","overlay-type":"","overlay-color":"","overlay-gradient":""}},"footnotes":""},"class_list":["post-1056","page","type-page","status-publish","hentry"],"yoast_head":"<!-- This site is optimized with the Yoast SEO plugin v24.5 - https:\/\/yoast.com\/wordpress\/plugins\/seo\/ -->\n<title>Regulament - Camp Fest #5<\/title>\n<meta name=\"robots\" content=\"index, follow, max-snippet:-1, max-image-preview:large, max-video-preview:-1\" \/>\n<link rel=\"canonical\" href=\"https:\/\/campfest.bibi.ro\/en\/regulament\/\" \/>\n<meta property=\"og:locale\" content=\"en_US\" \/>\n<meta property=\"og:type\" content=\"article\" \/>\n<meta property=\"og:title\" content=\"Regulament - Camp Fest #5\" \/>\n<meta property=\"og:description\" content=\"Regulament Check-in-ul se face zilnic \u00een intervalul 10:00\u201320:00. Copiii minori sunt \u00een responsabilitatea adul\u021bilor \u00eenso\u021bitori. V\u0103 rug\u0103m s\u0103 \u00eei supraveghea\u021bi \u2013 \u00een acest sens se va semna acordul de consim\u021b\u0103m\u00e2nt parental primit \u00een momentul sosirii. Semnarea acestuia este obligatorie, precum \u0219i prezentarea lui \u00een zona de check-in. Tot \u00een aceast\u0103 zon\u0103 se completeaz\u0103 \u0219i activit\u0103\u021bile [&hellip;]\" \/>\n<meta property=\"og:url\" content=\"https:\/\/campfest.bibi.ro\/en\/regulament\/\" \/>\n<meta property=\"og:site_name\" content=\"Camp Fest #5\" \/>\n<meta property=\"article:modified_time\" content=\"2025-06-03T07:19:53+00:00\" \/>\n<meta property=\"og:image\" content=\"https:\/\/campfest.bibi.ro\/wp-content\/uploads\/2023\/07\/bibi-camp-fest-element-07.png\" \/>\n\t<meta property=\"og:image:width\" content=\"461\" \/>\n\t<meta property=\"og:image:height\" content=\"370\" \/>\n\t<meta property=\"og:image:type\" content=\"image\/png\" \/>\n<meta name=\"twitter:card\" content=\"summary_large_image\" \/>\n<meta name=\"twitter:label1\" content=\"Est. reading time\" \/>\n\t<meta name=\"twitter:data1\" content=\"4 minutes\" \/>\n<script type=\"application\/ld+json\" class=\"yoast-schema-graph\">{\"@context\":\"https:\/\/schema.org\",\"@graph\":[{\"@type\":\"WebPage\",\"@id\":\"https:\/\/campfest.bibi.ro\/regulament\/\",\"url\":\"https:\/\/campfest.bibi.ro\/regulament\/\",\"name\":\"Regulament - Camp Fest #5\",\"isPartOf\":{\"@id\":\"https:\/\/campfest.bibi.ro\/#website\"},\"primaryImageOfPage\":{\"@id\":\"https:\/\/campfest.bibi.ro\/regulament\/#primaryimage\"},\"image\":{\"@id\":\"https:\/\/campfest.bibi.ro\/regulament\/#primaryimage\"},\"thumbnailUrl\":\"https:\/\/campfest.bibi.ro\/wp-content\/uploads\/2023\/07\/bibi-camp-fest-element-07.png\",\"datePublished\":\"2024-03-04T11:11:21+00:00\",\"dateModified\":\"2025-06-03T07:19:53+00:00\",\"breadcrumb\":{\"@id\":\"https:\/\/campfest.bibi.ro\/regulament\/#breadcrumb\"},\"inLanguage\":\"en-US\",\"potentialAction\":[{\"@type\":\"ReadAction\",\"target\":[\"https:\/\/campfest.bibi.ro\/regulament\/\"]}]},{\"@type\":\"ImageObject\",\"inLanguage\":\"en-US\",\"@id\":\"https:\/\/campfest.bibi.ro\/regulament\/#primaryimage\",\"url\":\"https:\/\/campfest.bibi.ro\/wp-content\/uploads\/2023\/07\/bibi-camp-fest-element-07.png\",\"contentUrl\":\"https:\/\/campfest.bibi.ro\/wp-content\/uploads\/2023\/07\/bibi-camp-fest-element-07.png\"},{\"@type\":\"BreadcrumbList\",\"@id\":\"https:\/\/campfest.bibi.ro\/regulament\/#breadcrumb\",\"itemListElement\":[{\"@type\":\"ListItem\",\"position\":1,\"name\":\"Home\",\"item\":\"https:\/\/campfest.bibi.ro\/\"},{\"@type\":\"ListItem\",\"position\":2,\"name\":\"Regulament\"}]},{\"@type\":\"WebSite\",\"@id\":\"https:\/\/campfest.bibi.ro\/#website\",\"url\":\"https:\/\/campfest.bibi.ro\/\",\"name\":\"Camp Fest #5\",\"description\":\"\u00cencepe Aventura\",\"potentialAction\":[{\"@type\":\"SearchAction\",\"target\":{\"@type\":\"EntryPoint\",\"urlTemplate\":\"https:\/\/campfest.bibi.ro\/?s={search_term_string}\"},\"query-input\":{\"@type\":\"PropertyValueSpecification\",\"valueRequired\":true,\"valueName\":\"search_term_string\"}}],\"inLanguage\":\"en-US\"}]}<\/script>\n<!-- \/ Yoast SEO plugin. -->","yoast_head_json":{"title":"Regulament - Camp Fest #5","robots":{"index":"index","follow":"follow","max-snippet":"max-snippet:-1","max-image-preview":"max-image-preview:large","max-video-preview":"max-video-preview:-1"},"canonical":"https:\/\/campfest.bibi.ro\/en\/regulament\/","og_locale":"en_US","og_type":"article","og_title":"Regulament - Camp Fest #5","og_description":"Regulament Check-in-ul se face zilnic \u00een intervalul 10:00\u201320:00. Copiii minori sunt \u00een responsabilitatea adul\u021bilor \u00eenso\u021bitori. V\u0103 rug\u0103m s\u0103 \u00eei supraveghea\u021bi \u2013 \u00een acest sens se va semna acordul de consim\u021b\u0103m\u00e2nt parental primit \u00een momentul sosirii. Semnarea acestuia este obligatorie, precum \u0219i prezentarea lui \u00een zona de check-in. Tot \u00een aceast\u0103 zon\u0103 se completeaz\u0103 \u0219i activit\u0103\u021bile [&hellip;]","og_url":"https:\/\/campfest.bibi.ro\/en\/regulament\/","og_site_name":"Camp Fest #5","article_modified_time":"2025-06-03T07:19:53+00:00","og_image":[{"width":461,"height":370,"url":"https:\/\/campfest.bibi.ro\/wp-content\/uploads\/2023\/07\/bibi-camp-fest-element-07.png","type":"image\/png"}],"twitter_card":"summary_large_image","twitter_misc":{"Est. reading time":"4 minutes"},"schema":{"@context":"https:\/\/schema.org","@graph":[{"@type":"WebPage","@id":"https:\/\/campfest.bibi.ro\/regulament\/","url":"https:\/\/campfest.bibi.ro\/regulament\/","name":"Regulament - Camp Fest #5","isPartOf":{"@id":"https:\/\/campfest.bibi.ro\/#website"},"primaryImageOfPage":{"@id":"https:\/\/campfest.bibi.ro\/regulament\/#primaryimage"},"image":{"@id":"https:\/\/campfest.bibi.ro\/regulament\/#primaryimage"},"thumbnailUrl":"https:\/\/campfest.bibi.ro\/wp-content\/uploads\/2023\/07\/bibi-camp-fest-element-07.png","datePublished":"2024-03-04T11:11:21+00:00","dateModified":"2025-06-03T07:19:53+00:00","breadcrumb":{"@id":"https:\/\/campfest.bibi.ro\/regulament\/#breadcrumb"},"inLanguage":"en-US","potentialAction":[{"@type":"ReadAction","target":["https:\/\/campfest.bibi.ro\/regulament\/"]}]},{"@type":"ImageObject","inLanguage":"en-US","@id":"https:\/\/campfest.bibi.ro\/regulament\/#primaryimage","url":"https:\/\/campfest.bibi.ro\/wp-content\/uploads\/2023\/07\/bibi-camp-fest-element-07.png","contentUrl":"https:\/\/campfest.bibi.ro\/wp-content\/uploads\/2023\/07\/bibi-camp-fest-element-07.png"},{"@type":"BreadcrumbList","@id":"https:\/\/campfest.bibi.ro\/regulament\/#breadcrumb","itemListElement":[{"@type":"ListItem","position":1,"name":"Home","item":"https:\/\/campfest.bibi.ro\/"},{"@type":"ListItem","position":2,"name":"Regulament"}]},{"@type":"WebSite","@id":"https:\/\/campfest.bibi.ro\/#website","url":"https:\/\/campfest.bibi.ro\/","name":"Camp Fest #5","description":"\u00cencepe Aventura","potentialAction":[{"@type":"SearchAction","target":{"@type":"EntryPoint","urlTemplate":"https:\/\/campfest.bibi.ro\/?s={search_term_string}"},"query-input":{"@type":"PropertyValueSpecification","valueRequired":true,"valueName":"search_term_string"}}],"inLanguage":"en-US"}]}},"_links":{"self":[{"href":"https:\/\/campfest.bibi.ro\/en\/wp-json\/wp\/v2\/pages\/1056","targetHints":{"allow":["GET"]}}],"collection":[{"href":"https:\/\/campfest.bibi.ro\/en\/wp-json\/wp\/v2\/pages"}],"about":[{"href":"https:\/\/campfest.bibi.ro\/en\/wp-json\/wp\/v2\/types\/page"}],"author":[{"embeddable":true,"href":"https:\/\/campfest.bibi.ro\/en\/wp-json\/wp\/v2\/users\/1"}],"replies":[{"embeddable":true,"href":"https:\/\/campfest.bibi.ro\/en\/wp-json\/wp\/v2\/comments?post=1056"}],"version-history":[{"count":18,"href":"https:\/\/campfest.bibi.ro\/en\/wp-json\/wp\/v2\/pages\/1056\/revisions"}],"predecessor-version":[{"id":1798,"href":"https:\/\/campfest.bibi.ro\/en\/wp-json\/wp\/v2\/pages\/1056\/revisions\/1798"}],"wp:attachment":[{"href":"https:\/\/campfest.bibi.ro\/en\/wp-json\/wp\/v2\/media?parent=1056"}],"curies":[{"name":"wp","href":"https:\/\/api.w.org\/{rel}","templated":true}]}}